{"id":1401,"date":"2021-11-15T13:32:39","date_gmt":"2021-11-15T12:32:39","guid":{"rendered":"http:\/\/crepin.info\/?page_id=1401"},"modified":"2023-10-24T10:37:10","modified_gmt":"2023-10-24T08:37:10","slug":"methodes-numeriques","status":"publish","type":"page","link":"https:\/\/crepin.info\/index.php\/methodes-numeriques\/","title":{"rendered":"M\u00e9thodes num\u00e9riques"},"content":{"rendered":"<h2>La m\u00e9thode d&rsquo;Euler pour les syst\u00e8me lin\u00e9aires du premier ordre :<\/h2>\n<ul>\n<li>Le cours est ici avec un exemple de mise en oeuvre : <a href=\"https:\/\/crepin.info\/wp-content\/uploads\/2021\/11\/Euler-1.pdf\">Euler<\/a><\/li>\n<\/ul>\n","protected":false},"excerpt":{"rendered":"<p>La m\u00e9thode d&rsquo;Euler pour les syst\u00e8me lin\u00e9aires du premier ordre : Le cours est ici avec un exemple de mise en oeuvre : Euler<\/p>\n","protected":false},"author":1,"featured_media":0,"parent":0,"menu_order":0,"comment_status":"closed","ping_status":"closed","template":"","meta":{"footnotes":""},"class_list":["post-1401","page","type-page","status-publish","hentry"],"_links":{"self":[{"href":"https:\/\/crepin.info\/index.php\/wp-json\/wp\/v2\/pages\/1401","targetHints":{"allow":["GET"]}}],"collection":[{"href":"https:\/\/crepin.info\/index.php\/wp-json\/wp\/v2\/pages"}],"about":[{"href":"https:\/\/crepin.info\/index.php\/wp-json\/wp\/v2\/types\/page"}],"author":[{"embeddable":true,"href":"https:\/\/crepin.info\/index.php\/wp-json\/wp\/v2\/users\/1"}],"replies":[{"embeddable":true,"href":"https:\/\/crepin.info\/index.php\/wp-json\/wp\/v2\/comments?post=1401"}],"version-history":[{"count":4,"href":"https:\/\/crepin.info\/index.php\/wp-json\/wp\/v2\/pages\/1401\/revisions"}],"predecessor-version":[{"id":1893,"href":"https:\/\/crepin.info\/index.php\/wp-json\/wp\/v2\/pages\/1401\/revisions\/1893"}],"wp:attachment":[{"href":"https:\/\/crepin.info\/index.php\/wp-json\/wp\/v2\/media?parent=1401"}],"curies":[{"name":"wp","href":"https:\/\/api.w.org\/{rel}","templated":true}]}}