{"id":2335,"date":"2025-09-05T16:20:01","date_gmt":"2025-09-05T14:20:01","guid":{"rendered":"https:\/\/crepin.info\/?page_id=2335"},"modified":"2026-04-24T10:05:58","modified_gmt":"2026-04-24T08:05:58","slug":"physique-pcsi-1","status":"publish","type":"page","link":"https:\/\/crepin.info\/","title":{"rendered":"Bienvenue !"},"content":{"rendered":"\n<p>Vous \u00eates sur la page du cours de physique de la PCSI1 du lyc\u00e9e Saint-Louis. <\/p>\n\n\n\n<p><\/p>\n\n\n\n<p><\/p>\n\n\n\n<p><strong>Acc\u00e8s rapide<\/strong> <strong>:<\/strong> <a href=\"https:\/\/crepin.info\/wp-content\/uploads\/2026\/04\/Programme_colle_25.pdf\" data-type=\"attachment\" data-id=\"2478\">le programme de colle. <\/a><\/p>\n\n\n\n<p><\/p>\n","protected":false},"excerpt":{"rendered":"<p>Vous \u00eates sur la page du cours de physique de la PCSI1 du lyc\u00e9e Saint-Louis. Acc\u00e8s rapide : le programme de colle.<\/p>\n","protected":false},"author":1,"featured_media":0,"parent":0,"menu_order":0,"comment_status":"closed","ping_status":"closed","template":"","meta":{"footnotes":""},"class_list":["post-2335","page","type-page","status-publish","hentry"],"_links":{"self":[{"href":"https:\/\/crepin.info\/index.php\/wp-json\/wp\/v2\/pages\/2335","targetHints":{"allow":["GET"]}}],"collection":[{"href":"https:\/\/crepin.info\/index.php\/wp-json\/wp\/v2\/pages"}],"about":[{"href":"https:\/\/crepin.info\/index.php\/wp-json\/wp\/v2\/types\/page"}],"author":[{"embeddable":true,"href":"https:\/\/crepin.info\/index.php\/wp-json\/wp\/v2\/users\/1"}],"replies":[{"embeddable":true,"href":"https:\/\/crepin.info\/index.php\/wp-json\/wp\/v2\/comments?post=2335"}],"version-history":[{"count":29,"href":"https:\/\/crepin.info\/index.php\/wp-json\/wp\/v2\/pages\/2335\/revisions"}],"predecessor-version":[{"id":2508,"href":"https:\/\/crepin.info\/index.php\/wp-json\/wp\/v2\/pages\/2335\/revisions\/2508"}],"wp:attachment":[{"href":"https:\/\/crepin.info\/index.php\/wp-json\/wp\/v2\/media?parent=2335"}],"curies":[{"name":"wp","href":"https:\/\/api.w.org\/{rel}","templated":true}]}}